{"id":9,"date":"2018-03-27T06:21:01","date_gmt":"2018-03-27T06:21:01","guid":{"rendered":"http:\/\/cssf.de\/?page_id=9"},"modified":"2024-06-24T13:17:31","modified_gmt":"2024-06-24T13:17:31","slug":"ueber-uns","status":"publish","type":"page","link":"https:\/\/cssf.de\/?page_id=9","title":{"rendered":"\u00dcber mich"},"content":{"rendered":"<div class=\"_2WD2f\" data-block=\"true\" data-editor=\"dfjif\" data-offset-key=\"9bedg-0-0\">\n<div class=\"public-DraftStyleDefault-block public-DraftStyleDefault-ltr\" data-offset-key=\"9bedg-0-0\">Nach jahrzehntelanger Rundumversorgung meiner Kunden, habe ich mich auf die Entwicklung spezieller Software konzentriert.<\/div>\n<div data-offset-key=\"9bedg-0-0\">Diese Software ist individuell konzipiert f\u00fcr die Bereiche<\/div>\n<div data-offset-key=\"9bedg-0-0\"><\/div>\n<ul>\n<li style=\"list-style-type: none;\">\n<ul>\n<li data-offset-key=\"9bedg-0-0\">ERP<\/li>\n<li data-offset-key=\"9bedg-0-0\">Warenwirtschaft<\/li>\n<li data-offset-key=\"9bedg-0-0\">sicherheitsrelevante Systeme &#8230;<\/li>\n<\/ul>\n<\/li>\n<\/ul>\n<p>Ich f\u00fchre <span style=\"color: #ff0000;\">nicht<\/span> aus:<\/p>\n<ul>\n<li style=\"list-style-type: none;\">\n<ul>\n<li>Installation von Software<\/li>\n<li>Installation von Hardware<\/li>\n<li>Schulungen (au\u00dfer f\u00fcr die eigene Software)<\/li>\n<li>Reparatur von Hardware<\/li>\n<li>Konfiguration von Hard- und Software<\/li>\n<\/ul>\n<\/li>\n<\/ul>\n<p><strong>Von entsprechenden Anfragen sehen Sie bitte ab.<\/strong><\/p>\n<p>Der Fachkr\u00e4ftemangel l\u00e4sst eine breite Auff\u00e4cherung meiner Aktivit\u00e4ten nicht mehr zu.<\/p>\n<p>Ich bitte um Verst\u00e4ndnis.<\/p>\n<\/div>\n","protected":false},"excerpt":{"rendered":"<p>Nach jahrzehntelanger Rundumversorgung meiner Kunden, habe ich mich auf die Entwicklung spezieller Software konzentriert. Diese Software ist individuell konzipiert f\u00fcr die Bereiche ERP Warenwirtschaft sicherheitsrelevante Systeme &#8230; Ich f\u00fchre nicht aus: Installation von Software Installation von Hardware Schulungen (au\u00dfer f\u00fcr die eigene Software) Reparatur von Hardware Konfiguration von Hard- und Software Von entsprechenden Anfragen sehen &hellip; <\/p>\n<p class=\"link-more\"><a href=\"https:\/\/cssf.de\/?page_id=9\" class=\"more-link\"><span class=\"screen-reader-text\">\u201e\u00dcber mich\u201c<\/span> weiterlesen<\/a><\/p>\n","protected":false},"author":1,"featured_media":0,"parent":0,"menu_order":0,"comment_status":"closed","ping_status":"closed","template":"","meta":{"footnotes":""},"_links":{"self":[{"href":"https:\/\/cssf.de\/index.php?rest_route=\/wp\/v2\/pages\/9"}],"collection":[{"href":"https:\/\/cssf.de\/index.php?rest_route=\/wp\/v2\/pages"}],"about":[{"href":"https:\/\/cssf.de\/index.php?rest_route=\/wp\/v2\/types\/page"}],"author":[{"embeddable":true,"href":"https:\/\/cssf.de\/index.php?rest_route=\/wp\/v2\/users\/1"}],"replies":[{"embeddable":true,"href":"https:\/\/cssf.de\/index.php?rest_route=%2Fwp%2Fv2%2Fcomments&post=9"}],"version-history":[{"count":7,"href":"https:\/\/cssf.de\/index.php?rest_route=\/wp\/v2\/pages\/9\/revisions"}],"predecessor-version":[{"id":108,"href":"https:\/\/cssf.de\/index.php?rest_route=\/wp\/v2\/pages\/9\/revisions\/108"}],"wp:attachment":[{"href":"https:\/\/cssf.de\/index.php?rest_route=%2Fwp%2Fv2%2Fmedia&parent=9"}],"curies":[{"name":"wp","href":"https:\/\/api.w.org\/{rel}","templated":true}]}}